{"id":208,"date":"2018-05-21T11:32:35","date_gmt":"2018-05-21T09:32:35","guid":{"rendered":"http:\/\/toporg.ch\/?page_id=208"},"modified":"2018-06-02T12:48:34","modified_gmt":"2018-06-02T10:48:34","slug":"angebot","status":"publish","type":"page","link":"https:\/\/toporg.ch\/?page_id=208","title":{"rendered":"Angebot"},"content":{"rendered":"\t\t<div data-elementor-type=\"wp-post\" data-elementor-id=\"208\" class=\"elementor elementor-208 elementor-bc-flex-widget\">\n\t\t\t\t\t\t<section class=\"elementor-section elementor-top-section elementor-element elementor-element-b6803b0 elementor-section-stretched elementor-section-height-min-height elementor-section-items-bottom elementor-section-boxed elementor-section-height-default\" data-id=\"b6803b0\" data-element_type=\"section\" data-e-type=\"section\" data-settings=\"{&quot;stretch_section&quot;:&quot;section-stretched&quot;,&quot;background_background&quot;:&quot;classic&quot;}\">\n\t\t\t\t\t\t\t<div class=\"elementor-background-overlay\"><\/div>\n\t\t\t\t\t\t\t<div class=\"elementor-container elementor-column-gap-narrow\">\n\t\t\t\t\t<div class=\"elementor-column elementor-col-100 elementor-top-column elementor-element elementor-element-12935365\" data-id=\"12935365\" data-element_type=\"column\" data-e-type=\"column\" data-settings=\"{&quot;background_background&quot;:&quot;classic&quot;}\">\n\t\t\t<div class=\"elementor-widget-wrap elementor-element-populated\">\n\t\t\t\t\t\t<div class=\"elementor-element elementor-element-3515153a elementor-widget elementor-widget-heading\" data-id=\"3515153a\" data-element_type=\"widget\" data-e-type=\"widget\" data-widget_type=\"heading.default\">\n\t\t\t\t<div class=\"elementor-widget-container\">\n\t\t\t\t\t<h2 class=\"elementor-heading-title elementor-size-large\">Sie beziehen neue Geb\u00e4ude, neue R\u00e4ume, neue Arbeitspl\u00e4tze? \u2013 Dann sind wir mit unserem breit angelegten Know-how als kompe-tente Dienstleister sehr gerne zur Stelle.<\/h2>\t\t\t\t<\/div>\n\t\t\t\t<\/div>\n\t\t\t\t\t<\/div>\n\t\t<\/div>\n\t\t\t\t\t<\/div>\n\t\t<\/section>\n\t\t\t\t<section class=\"elementor-section elementor-top-section elementor-element elementor-element-7cbc8d8 elementor-reverse-mobile elementor-section-boxed elementor-section-height-default elementor-section-height-default\" data-id=\"7cbc8d8\" data-element_type=\"section\" data-e-type=\"section\" data-settings=\"{&quot;background_background&quot;:&quot;classic&quot;}\">\n\t\t\t\t\t\t<div class=\"elementor-container elementor-column-gap-default\">\n\t\t\t\t\t<div class=\"elementor-column elementor-col-50 elementor-top-column elementor-element elementor-element-3f26577b\" data-id=\"3f26577b\" data-element_type=\"column\" data-e-type=\"column\" data-settings=\"{&quot;background_background&quot;:&quot;classic&quot;}\">\n\t\t\t<div class=\"elementor-widget-wrap elementor-element-populated\">\n\t\t\t\t\t\t<div class=\"elementor-element elementor-element-7f879d5f elementor-widget elementor-widget-heading\" data-id=\"7f879d5f\" data-element_type=\"widget\" data-e-type=\"widget\" data-widget_type=\"heading.default\">\n\t\t\t\t<div class=\"elementor-widget-container\">\n\t\t\t\t\t<h3 class=\"elementor-heading-title elementor-size-large\">Raum- und Arbeitsplatzkonzept<\/h3>\t\t\t\t<\/div>\n\t\t\t\t<\/div>\n\t\t\t\t<div class=\"elementor-element elementor-element-78cac66b elementor-widget elementor-widget-text-editor\" data-id=\"78cac66b\" data-element_type=\"widget\" data-e-type=\"widget\" data-widget_type=\"text-editor.default\">\n\t\t\t\t<div class=\"elementor-widget-container\">\n\t\t\t\t\t\t\t\t\t<p>Im intensiven Austausch mit Ihnen entwickeln und gestalten wir das auf Ihre Unternehmung zugeschnittene <strong>Raum- und Arbeitsplatzkonzept<\/strong>. Die Rahmenbedingungen Ihres Unternehmens und die Bed\u00fcrfnisse Ihrer Mitarbeitenden sind dabei massgebliche Treiber. Mit unserem breiten Know-how und mit ganzheitlichen Beratungsans\u00e4tzen erarbeiten wir Ihren Weg in Ihre zuk\u00fcnftige Arbeitswelt<\/p><p>Dazu geh\u00f6ren erstens alle <b>innenarchitektonischen Gestaltungselemente<\/b> (Raumtypen, Materialien, Farben, Beleuchtung etc.), sowie die Auswahl des geeigneten Mobiliars. Selbstverst\u00e4ndlich richtet sich unsere T\u00e4tigkeit nach den Regeln der <b>Ergonomie <\/b>(Arbeitsplatz-Ergonomie, Ergonomie der Umgebungsfaktoren etc.).<\/p>\t\t\t\t\t\t\t\t<\/div>\n\t\t\t\t<\/div>\n\t\t\t\t\t<\/div>\n\t\t<\/div>\n\t\t\t\t<div class=\"elementor-column elementor-col-50 elementor-top-column elementor-element elementor-element-5a213a8d\" data-id=\"5a213a8d\" data-element_type=\"column\" data-e-type=\"column\">\n\t\t\t<div class=\"elementor-widget-wrap elementor-element-populated\">\n\t\t\t\t\t\t<div class=\"elementor-element elementor-element-7b4175d8 elementor-widget elementor-widget-image\" data-id=\"7b4175d8\" data-element_type=\"widget\" data-e-type=\"widget\" data-widget_type=\"image.default\">\n\t\t\t\t<div class=\"elementor-widget-container\">\n\t\t\t\t\t\t\t\t\t\t\t\t\t\t\t<img fetchpriority=\"high\" decoding=\"async\" width=\"1024\" height=\"684\" src=\"https:\/\/toporg.ch\/wp-content\/uploads\/2018\/04\/Vinci-Energies-Schweiz_Hardturm-Park_010-1024x684.jpg\" class=\"attachment-large size-large wp-image-36\" alt=\"Arbeitsplatz 1\" srcset=\"https:\/\/toporg.ch\/wp-content\/uploads\/2018\/04\/Vinci-Energies-Schweiz_Hardturm-Park_010-1024x684.jpg 1024w, https:\/\/toporg.ch\/wp-content\/uploads\/2018\/04\/Vinci-Energies-Schweiz_Hardturm-Park_010-300x200.jpg 300w, https:\/\/toporg.ch\/wp-content\/uploads\/2018\/04\/Vinci-Energies-Schweiz_Hardturm-Park_010-768x513.jpg 768w, https:\/\/toporg.ch\/wp-content\/uploads\/2018\/04\/Vinci-Energies-Schweiz_Hardturm-Park_010.jpg 1997w\" sizes=\"(max-width: 1024px) 100vw, 1024px\" \/>\t\t\t\t\t\t\t\t\t\t\t\t\t\t\t<\/div>\n\t\t\t\t<\/div>\n\t\t\t\t\t<\/div>\n\t\t<\/div>\n\t\t\t\t\t<\/div>\n\t\t<\/section>\n\t\t\t\t<section class=\"elementor-section elementor-top-section elementor-element elementor-element-aa5c9a2 elementor-reverse-mobile elementor-section-boxed elementor-section-height-default elementor-section-height-default\" data-id=\"aa5c9a2\" data-element_type=\"section\" data-e-type=\"section\" data-settings=\"{&quot;background_background&quot;:&quot;classic&quot;}\">\n\t\t\t\t\t\t<div class=\"elementor-container elementor-column-gap-default\">\n\t\t\t\t\t<div class=\"elementor-column elementor-col-50 elementor-top-column elementor-element elementor-element-308bc04\" data-id=\"308bc04\" data-element_type=\"column\" data-e-type=\"column\">\n\t\t\t<div class=\"elementor-widget-wrap elementor-element-populated\">\n\t\t\t\t\t\t<div class=\"elementor-element elementor-element-a3716b7 elementor-widget elementor-widget-image\" data-id=\"a3716b7\" data-element_type=\"widget\" data-e-type=\"widget\" data-widget_type=\"image.default\">\n\t\t\t\t<div class=\"elementor-widget-container\">\n\t\t\t\t\t\t\t\t\t\t\t\t\t\t\t<img decoding=\"async\" width=\"1024\" height=\"768\" src=\"https:\/\/toporg.ch\/wp-content\/uploads\/2018\/04\/Admeira_2017__007_Gataric-Fotografie__low_res_-1024x768.jpg\" class=\"attachment-large size-large wp-image-8\" alt=\"B\u00fcro mit Angestellten\" srcset=\"https:\/\/toporg.ch\/wp-content\/uploads\/2018\/04\/Admeira_2017__007_Gataric-Fotografie__low_res_-1024x768.jpg 1024w, https:\/\/toporg.ch\/wp-content\/uploads\/2018\/04\/Admeira_2017__007_Gataric-Fotografie__low_res_-300x225.jpg 300w, https:\/\/toporg.ch\/wp-content\/uploads\/2018\/04\/Admeira_2017__007_Gataric-Fotografie__low_res_-768x576.jpg 768w, https:\/\/toporg.ch\/wp-content\/uploads\/2018\/04\/Admeira_2017__007_Gataric-Fotografie__low_res_.jpg 1777w\" sizes=\"(max-width: 1024px) 100vw, 1024px\" \/>\t\t\t\t\t\t\t\t\t\t\t\t\t\t\t<\/div>\n\t\t\t\t<\/div>\n\t\t\t\t\t<\/div>\n\t\t<\/div>\n\t\t\t\t<div class=\"elementor-column elementor-col-50 elementor-top-column elementor-element elementor-element-2692613\" data-id=\"2692613\" data-element_type=\"column\" data-e-type=\"column\" data-settings=\"{&quot;background_background&quot;:&quot;classic&quot;}\">\n\t\t\t<div class=\"elementor-widget-wrap elementor-element-populated\">\n\t\t\t\t\t\t<div class=\"elementor-element elementor-element-4d62d78 elementor-widget elementor-widget-text-editor\" data-id=\"4d62d78\" data-element_type=\"widget\" data-e-type=\"widget\" data-widget_type=\"text-editor.default\">\n\t\t\t\t<div class=\"elementor-widget-container\">\n\t\t\t\t\t\t\t\t\t<p>Zweitens unterst\u00fctzen wir die Mitarbeitenden darin, den Wechsel von den alten Arbeitsst\u00e4tten in die neu gestaltete Arbeitswelt bestm\u00f6glich zu meistern; wir nennen das <strong>Change Management<\/strong>.<\/p><p>Drittens sorgen wir integrativ daf\u00fcr, dass alle notwendigen betrieb-lichen <strong>Services<\/strong> anforderungsgerecht bereitgestellt werden (IT Ser-vices, Facility Services etc.).<\/p><p>Viertens organisieren und managen wir die gesamten, in der Regel \u00e4usserst komplexen <strong>Umzugsaktivit\u00e4ten<\/strong> und sorgen vor Ort daf\u00fcr, dass an den sensiblen Umzugstagen nichts schief geht.<\/p>\t\t\t\t\t\t\t\t<\/div>\n\t\t\t\t<\/div>\n\t\t\t\t\t<\/div>\n\t\t<\/div>\n\t\t\t\t\t<\/div>\n\t\t<\/section>\n\t\t\t\t<section class=\"elementor-section elementor-top-section elementor-element elementor-element-d6ab792 elementor-reverse-mobile elementor-section-boxed elementor-section-height-default elementor-section-height-default\" data-id=\"d6ab792\" data-element_type=\"section\" data-e-type=\"section\" data-settings=\"{&quot;background_background&quot;:&quot;classic&quot;}\">\n\t\t\t\t\t\t<div class=\"elementor-container elementor-column-gap-default\">\n\t\t\t\t\t<div class=\"elementor-column elementor-col-50 elementor-top-column elementor-element elementor-element-64d9542\" data-id=\"64d9542\" data-element_type=\"column\" data-e-type=\"column\" data-settings=\"{&quot;background_background&quot;:&quot;classic&quot;}\">\n\t\t\t<div class=\"elementor-widget-wrap elementor-element-populated\">\n\t\t\t\t\t\t<div class=\"elementor-element elementor-element-9980f24 elementor-widget elementor-widget-text-editor\" data-id=\"9980f24\" data-element_type=\"widget\" data-e-type=\"widget\" data-widget_type=\"text-editor.default\">\n\t\t\t\t<div class=\"elementor-widget-container\">\n\t\t\t\t\t\t\t\t\t<p>Und f\u00fcnftens schliesslich halten wir bei all unseren T\u00e4tigkeiten die einschl\u00e4gigen <strong>Normen und Vorschriften<\/strong> ein (Arbeitsplatznormen DIN, ISO; Sicherheitsvorschriften, Brandschutzvorschriften etc.) und setzen sie im neuen Konzept um<\/p><p>Damit wir unsere Leistungen optimal erbringen und die Nutzerbe-d\u00fcrfnisse vollumf\u00e4nglich erf\u00fcllen k\u00f6nnen, sind wir ein wesentliches Element im <b>Projekt-Team<\/b> des jeweiligen Unternehmens. Mit unse-ren starken <b>Netzwerkpartnern<\/b> sind wir anforderungsorientiert f\u00fcr Ihr Projekt im Einsatz.<\/p>\t\t\t\t\t\t\t\t<\/div>\n\t\t\t\t<\/div>\n\t\t\t\t\t<\/div>\n\t\t<\/div>\n\t\t\t\t<div class=\"elementor-column elementor-col-50 elementor-top-column elementor-element elementor-element-df04035\" data-id=\"df04035\" data-element_type=\"column\" data-e-type=\"column\">\n\t\t\t<div class=\"elementor-widget-wrap elementor-element-populated\">\n\t\t\t\t\t\t<div class=\"elementor-element elementor-element-b05bc97 elementor-widget elementor-widget-image\" data-id=\"b05bc97\" data-element_type=\"widget\" data-e-type=\"widget\" data-widget_type=\"image.default\">\n\t\t\t\t<div class=\"elementor-widget-container\">\n\t\t\t\t\t\t\t\t\t\t\t\t\t\t\t<img decoding=\"async\" width=\"1024\" height=\"768\" src=\"https:\/\/toporg.ch\/wp-content\/uploads\/2018\/04\/Admeira_2017__008_Gataric-Fotografie__low_res_-1024x768.jpg\" class=\"attachment-large size-large wp-image-9\" alt=\"Hochpult mit Mitarbeiterin\" srcset=\"https:\/\/toporg.ch\/wp-content\/uploads\/2018\/04\/Admeira_2017__008_Gataric-Fotografie__low_res_-1024x768.jpg 1024w, https:\/\/toporg.ch\/wp-content\/uploads\/2018\/04\/Admeira_2017__008_Gataric-Fotografie__low_res_-300x225.jpg 300w, https:\/\/toporg.ch\/wp-content\/uploads\/2018\/04\/Admeira_2017__008_Gataric-Fotografie__low_res_-768x576.jpg 768w, https:\/\/toporg.ch\/wp-content\/uploads\/2018\/04\/Admeira_2017__008_Gataric-Fotografie__low_res_.jpg 1777w\" sizes=\"(max-width: 1024px) 100vw, 1024px\" \/>\t\t\t\t\t\t\t\t\t\t\t\t\t\t\t<\/div>\n\t\t\t\t<\/div>\n\t\t\t\t\t<\/div>\n\t\t<\/div>\n\t\t\t\t\t<\/div>\n\t\t<\/section>\n\t\t\t\t<\/div>\n\t\t","protected":false},"excerpt":{"rendered":"<p>Sie beziehen neue Geb\u00e4ude, neue R\u00e4ume, neue Arbeitspl\u00e4tze? \u2013 Dann sind wir mit unserem breit angelegten Know-how als kompe-tente Dienstleister sehr gerne zur Stelle. Raum- und Arbeitsplatzkonzept Im intensiven Austausch mit Ihnen entwickeln und gestalten wir das auf Ihre Unternehmung zugeschnittene Raum- und Arbeitsplatzkonzept. Die Rahmenbedingungen Ihres Unternehmens und die Bed\u00fcrfnisse Ihrer Mitarbeitenden sind dabei &#8230; <a title=\"Angebot\" class=\"read-more\" href=\"https:\/\/toporg.ch\/?page_id=208\" aria-label=\"Mehr Informationen \u00fcber Angebot\">Weiterlesen<\/a><\/p>\n","protected":false},"author":1,"featured_media":0,"parent":0,"menu_order":0,"comment_status":"closed","ping_status":"closed","template":"","meta":{"footnotes":""},"class_list":["post-208","page","type-page","status-publish"],"yoast_head":"<!-- This site is optimized with the Yoast SEO plugin v26.9 - https:\/\/yoast.com\/product\/yoast-seo-wordpress\/ -->\n<title>Angebot - www.toporg.ch<\/title>\n<meta name=\"robots\" content=\"index, follow, max-snippet:-1, max-image-preview:large, max-video-preview:-1\" \/>\n<link rel=\"canonical\" href=\"https:\/\/toporg.ch\/?page_id=208\" \/>\n<meta property=\"og:locale\" content=\"de_DE\" \/>\n<meta property=\"og:type\" content=\"article\" \/>\n<meta property=\"og:title\" content=\"Angebot - www.toporg.ch\" \/>\n<meta property=\"og:description\" content=\"Sie beziehen neue Geb\u00e4ude, neue R\u00e4ume, neue Arbeitspl\u00e4tze? \u2013 Dann sind wir mit unserem breit angelegten Know-how als kompe-tente Dienstleister sehr gerne zur Stelle. Raum- und Arbeitsplatzkonzept Im intensiven Austausch mit Ihnen entwickeln und gestalten wir das auf Ihre Unternehmung zugeschnittene Raum- und Arbeitsplatzkonzept. Die Rahmenbedingungen Ihres Unternehmens und die Bed\u00fcrfnisse Ihrer Mitarbeitenden sind dabei ... Weiterlesen\" \/>\n<meta property=\"og:url\" content=\"https:\/\/toporg.ch\/?page_id=208\" \/>\n<meta property=\"og:site_name\" content=\"www.toporg.ch\" \/>\n<meta property=\"article:modified_time\" content=\"2018-06-02T10:48:34+00:00\" \/>\n<meta property=\"og:image\" content=\"http:\/\/toporg.ch\/wp-content\/uploads\/2018\/04\/Vinci-Energies-Schweiz_Hardturm-Park_010-1024x684.jpg\" \/>\n<meta name=\"twitter:card\" content=\"summary_large_image\" \/>\n<meta name=\"twitter:label1\" content=\"Gesch\u00e4tzte Lesezeit\" \/>\n\t<meta name=\"twitter:data1\" content=\"1\u00a0Minute\" \/>\n<script type=\"application\/ld+json\" class=\"yoast-schema-graph\">{\"@context\":\"https:\/\/schema.org\",\"@graph\":[{\"@type\":\"WebPage\",\"@id\":\"https:\/\/toporg.ch\/?page_id=208\",\"url\":\"https:\/\/toporg.ch\/?page_id=208\",\"name\":\"Angebot - www.toporg.ch\",\"isPartOf\":{\"@id\":\"https:\/\/toporg.ch\/#website\"},\"primaryImageOfPage\":{\"@id\":\"https:\/\/toporg.ch\/?page_id=208#primaryimage\"},\"image\":{\"@id\":\"https:\/\/toporg.ch\/?page_id=208#primaryimage\"},\"thumbnailUrl\":\"http:\/\/toporg.ch\/wp-content\/uploads\/2018\/04\/Vinci-Energies-Schweiz_Hardturm-Park_010-1024x684.jpg\",\"datePublished\":\"2018-05-21T09:32:35+00:00\",\"dateModified\":\"2018-06-02T10:48:34+00:00\",\"breadcrumb\":{\"@id\":\"https:\/\/toporg.ch\/?page_id=208#breadcrumb\"},\"inLanguage\":\"de\",\"potentialAction\":[{\"@type\":\"ReadAction\",\"target\":[\"https:\/\/toporg.ch\/?page_id=208\"]}]},{\"@type\":\"ImageObject\",\"inLanguage\":\"de\",\"@id\":\"https:\/\/toporg.ch\/?page_id=208#primaryimage\",\"url\":\"http:\/\/toporg.ch\/wp-content\/uploads\/2018\/04\/Vinci-Energies-Schweiz_Hardturm-Park_010-1024x684.jpg\",\"contentUrl\":\"http:\/\/toporg.ch\/wp-content\/uploads\/2018\/04\/Vinci-Energies-Schweiz_Hardturm-Park_010-1024x684.jpg\"},{\"@type\":\"BreadcrumbList\",\"@id\":\"https:\/\/toporg.ch\/?page_id=208#breadcrumb\",\"itemListElement\":[{\"@type\":\"ListItem\",\"position\":1,\"name\":\"Startseite\",\"item\":\"https:\/\/toporg.ch\/\"},{\"@type\":\"ListItem\",\"position\":2,\"name\":\"Angebot\"}]},{\"@type\":\"WebSite\",\"@id\":\"https:\/\/toporg.ch\/#website\",\"url\":\"https:\/\/toporg.ch\/\",\"name\":\"www.toporg.ch\",\"description\":\"Total Office Performance AG\",\"publisher\":{\"@id\":\"https:\/\/toporg.ch\/#organization\"},\"potentialAction\":[{\"@type\":\"SearchAction\",\"target\":{\"@type\":\"EntryPoint\",\"urlTemplate\":\"https:\/\/toporg.ch\/?s={search_term_string}\"},\"query-input\":{\"@type\":\"PropertyValueSpecification\",\"valueRequired\":true,\"valueName\":\"search_term_string\"}}],\"inLanguage\":\"de\"},{\"@type\":\"Organization\",\"@id\":\"https:\/\/toporg.ch\/#organization\",\"name\":\"www.toporg.ch\",\"url\":\"https:\/\/toporg.ch\/\",\"logo\":{\"@type\":\"ImageObject\",\"inLanguage\":\"de\",\"@id\":\"https:\/\/toporg.ch\/#\/schema\/logo\/image\/\",\"url\":\"https:\/\/toporg.ch\/wp-content\/uploads\/2018\/04\/TOP_LOGO_SCHWARZ_klein.png\",\"contentUrl\":\"https:\/\/toporg.ch\/wp-content\/uploads\/2018\/04\/TOP_LOGO_SCHWARZ_klein.png\",\"width\":100,\"height\":56,\"caption\":\"www.toporg.ch\"},\"image\":{\"@id\":\"https:\/\/toporg.ch\/#\/schema\/logo\/image\/\"}}]}<\/script>\n<!-- \/ Yoast SEO plugin. -->","yoast_head_json":{"title":"Angebot - www.toporg.ch","robots":{"index":"index","follow":"follow","max-snippet":"max-snippet:-1","max-image-preview":"max-image-preview:large","max-video-preview":"max-video-preview:-1"},"canonical":"https:\/\/toporg.ch\/?page_id=208","og_locale":"de_DE","og_type":"article","og_title":"Angebot - www.toporg.ch","og_description":"Sie beziehen neue Geb\u00e4ude, neue R\u00e4ume, neue Arbeitspl\u00e4tze? \u2013 Dann sind wir mit unserem breit angelegten Know-how als kompe-tente Dienstleister sehr gerne zur Stelle. Raum- und Arbeitsplatzkonzept Im intensiven Austausch mit Ihnen entwickeln und gestalten wir das auf Ihre Unternehmung zugeschnittene Raum- und Arbeitsplatzkonzept. Die Rahmenbedingungen Ihres Unternehmens und die Bed\u00fcrfnisse Ihrer Mitarbeitenden sind dabei ... Weiterlesen","og_url":"https:\/\/toporg.ch\/?page_id=208","og_site_name":"www.toporg.ch","article_modified_time":"2018-06-02T10:48:34+00:00","og_image":[{"url":"http:\/\/toporg.ch\/wp-content\/uploads\/2018\/04\/Vinci-Energies-Schweiz_Hardturm-Park_010-1024x684.jpg","type":"","width":"","height":""}],"twitter_card":"summary_large_image","twitter_misc":{"Gesch\u00e4tzte Lesezeit":"1\u00a0Minute"},"schema":{"@context":"https:\/\/schema.org","@graph":[{"@type":"WebPage","@id":"https:\/\/toporg.ch\/?page_id=208","url":"https:\/\/toporg.ch\/?page_id=208","name":"Angebot - www.toporg.ch","isPartOf":{"@id":"https:\/\/toporg.ch\/#website"},"primaryImageOfPage":{"@id":"https:\/\/toporg.ch\/?page_id=208#primaryimage"},"image":{"@id":"https:\/\/toporg.ch\/?page_id=208#primaryimage"},"thumbnailUrl":"http:\/\/toporg.ch\/wp-content\/uploads\/2018\/04\/Vinci-Energies-Schweiz_Hardturm-Park_010-1024x684.jpg","datePublished":"2018-05-21T09:32:35+00:00","dateModified":"2018-06-02T10:48:34+00:00","breadcrumb":{"@id":"https:\/\/toporg.ch\/?page_id=208#breadcrumb"},"inLanguage":"de","potentialAction":[{"@type":"ReadAction","target":["https:\/\/toporg.ch\/?page_id=208"]}]},{"@type":"ImageObject","inLanguage":"de","@id":"https:\/\/toporg.ch\/?page_id=208#primaryimage","url":"http:\/\/toporg.ch\/wp-content\/uploads\/2018\/04\/Vinci-Energies-Schweiz_Hardturm-Park_010-1024x684.jpg","contentUrl":"http:\/\/toporg.ch\/wp-content\/uploads\/2018\/04\/Vinci-Energies-Schweiz_Hardturm-Park_010-1024x684.jpg"},{"@type":"BreadcrumbList","@id":"https:\/\/toporg.ch\/?page_id=208#breadcrumb","itemListElement":[{"@type":"ListItem","position":1,"name":"Startseite","item":"https:\/\/toporg.ch\/"},{"@type":"ListItem","position":2,"name":"Angebot"}]},{"@type":"WebSite","@id":"https:\/\/toporg.ch\/#website","url":"https:\/\/toporg.ch\/","name":"www.toporg.ch","description":"Total Office Performance AG","publisher":{"@id":"https:\/\/toporg.ch\/#organization"},"potentialAction":[{"@type":"SearchAction","target":{"@type":"EntryPoint","urlTemplate":"https:\/\/toporg.ch\/?s={search_term_string}"},"query-input":{"@type":"PropertyValueSpecification","valueRequired":true,"valueName":"search_term_string"}}],"inLanguage":"de"},{"@type":"Organization","@id":"https:\/\/toporg.ch\/#organization","name":"www.toporg.ch","url":"https:\/\/toporg.ch\/","logo":{"@type":"ImageObject","inLanguage":"de","@id":"https:\/\/toporg.ch\/#\/schema\/logo\/image\/","url":"https:\/\/toporg.ch\/wp-content\/uploads\/2018\/04\/TOP_LOGO_SCHWARZ_klein.png","contentUrl":"https:\/\/toporg.ch\/wp-content\/uploads\/2018\/04\/TOP_LOGO_SCHWARZ_klein.png","width":100,"height":56,"caption":"www.toporg.ch"},"image":{"@id":"https:\/\/toporg.ch\/#\/schema\/logo\/image\/"}}]}},"_links":{"self":[{"href":"https:\/\/toporg.ch\/index.php?rest_route=\/wp\/v2\/pages\/208","targetHints":{"allow":["GET"]}}],"collection":[{"href":"https:\/\/toporg.ch\/index.php?rest_route=\/wp\/v2\/pages"}],"about":[{"href":"https:\/\/toporg.ch\/index.php?rest_route=\/wp\/v2\/types\/page"}],"author":[{"embeddable":true,"href":"https:\/\/toporg.ch\/index.php?rest_route=\/wp\/v2\/users\/1"}],"replies":[{"embeddable":true,"href":"https:\/\/toporg.ch\/index.php?rest_route=%2Fwp%2Fv2%2Fcomments&post=208"}],"version-history":[{"count":9,"href":"https:\/\/toporg.ch\/index.php?rest_route=\/wp\/v2\/pages\/208\/revisions"}],"predecessor-version":[{"id":264,"href":"https:\/\/toporg.ch\/index.php?rest_route=\/wp\/v2\/pages\/208\/revisions\/264"}],"wp:attachment":[{"href":"https:\/\/toporg.ch\/index.php?rest_route=%2Fwp%2Fv2%2Fmedia&parent=208"}],"curies":[{"name":"wp","href":"https:\/\/api.w.org\/{rel}","templated":true}]}}